{"id":71,"date":"2021-05-14T15:35:00","date_gmt":"2021-05-14T14:35:00","guid":{"rendered":"http:\/\/emmanuelgaye.fr\/lepetitcaboulot\/?page_id=71"},"modified":"2026-04-09T15:09:35","modified_gmt":"2026-04-09T14:09:35","slug":"plats","status":"publish","type":"page","link":"https:\/\/restaurant-lesailes.com\/index.php\/la-carte\/plats\/","title":{"rendered":"Nos Plats"},"content":{"rendered":"\n<p>Risotto de Bl\u00e9 aux Piquillos et son \u0153uf Parfait 22.00\u20ac<\/p>\n\n\n\n<p>Tartare de B\u0153uf au Couteau  Pr\u00e9par\u00e9 par le Chef 21.00 \u20ac<\/p>\n\n\n\n<p>S\u00e9lection du Boucher \u00c9chalotes Confites, Sauce au Bordelaise  28<strong>.<\/strong>00 \u20ac<\/p>\n\n\n\n<p>Cuisse de Canette, Ragout de Lentilles 19.00 \u20ac<\/p>\n\n\n\n<p>Magret de Canard Entier (Maison Campet), D\u00e9clinaison deCarottes28.00\u20ac<\/p>\n\n\n\n<p>Cochon du Moment Fum\u00e9 23.00\u20ac<\/p>\n\n\n\n<p><\/p>\n\n\n\n<h2 class=\"wp-block-heading\"><em><strong><span style=\"text-decoration: underline;\">Retour de la Cri\u00e9e<\/span><\/strong><\/em><\/h2>\n\n\n\n<p>Filet de Bar au Beurre au Yuzu 22.00\u20ac<\/p>\n\n\n\n<p>Poisson Frais du Jour                                       <strong> <\/strong> 17.00 \u20ac <\/p>\n\n\n\n<p>Pav\u00e9 de Maigre, Vinaigrette Betterave Yuzu 24.00\u20ac<\/p>\n\n\n\n<p><\/p>\n\n\n\n<p class=\"has-text-align-center\"><\/p>\n\n\n\n<p><\/p>\n\n\n\n<p><\/p>\n","protected":false},"excerpt":{"rendered":"<p>Risotto de Bl\u00e9 aux Piquillos et son \u0153uf Parfait 22.00\u20ac Tartare de B\u0153uf au Couteau Pr\u00e9par\u00e9 par le Chef 21.00 \u20ac S\u00e9lection du Boucher \u00c9chalotes Confites, Sauce au Bordelaise 28.00 \u20ac Cuisse de Canette, Ragout de Lentilles 19.00 \u20ac Magret de Canard Entier (Maison Campet), D\u00e9clinaison deCarottes28.00\u20ac Cochon du Moment Fum\u00e9 23.00\u20ac Retour de la &hellip; <\/p>\n<p class=\"link-more\"><a href=\"https:\/\/restaurant-lesailes.com\/index.php\/la-carte\/plats\/\" class=\"more-link\">Lire la suite de<span class=\"screen-reader-text\">\u00ab\u00a0Nos Plats\u00a0\u00bb<\/span><\/a><\/p>\n","protected":false},"author":1,"featured_media":0,"parent":67,"menu_order":2,"comment_status":"closed","ping_status":"closed","template":"","meta":{"jetpack_post_was_ever_published":false,"footnotes":""},"class_list":["post-71","page","type-page","status-publish","hentry"],"jetpack_sharing_enabled":true,"jetpack_shortlink":"https:\/\/wp.me\/P7RqaO-19","jetpack-related-posts":[],"_links":{"self":[{"href":"https:\/\/restaurant-lesailes.com\/index.php\/wp-json\/wp\/v2\/pages\/71"}],"collection":[{"href":"https:\/\/restaurant-lesailes.com\/index.php\/wp-json\/wp\/v2\/pages"}],"about":[{"href":"https:\/\/restaurant-lesailes.com\/index.php\/wp-json\/wp\/v2\/types\/page"}],"author":[{"embeddable":true,"href":"https:\/\/restaurant-lesailes.com\/index.php\/wp-json\/wp\/v2\/users\/1"}],"replies":[{"embeddable":true,"href":"https:\/\/restaurant-lesailes.com\/index.php\/wp-json\/wp\/v2\/comments?post=71"}],"version-history":[{"count":33,"href":"https:\/\/restaurant-lesailes.com\/index.php\/wp-json\/wp\/v2\/pages\/71\/revisions"}],"predecessor-version":[{"id":6408,"href":"https:\/\/restaurant-lesailes.com\/index.php\/wp-json\/wp\/v2\/pages\/71\/revisions\/6408"}],"up":[{"embeddable":true,"href":"https:\/\/restaurant-lesailes.com\/index.php\/wp-json\/wp\/v2\/pages\/67"}],"wp:attachment":[{"href":"https:\/\/restaurant-lesailes.com\/index.php\/wp-json\/wp\/v2\/media?parent=71"}],"curies":[{"name":"wp","href":"https:\/\/api.w.org\/{rel}","templated":true}]}}