{"id":450,"date":"2013-07-19T17:18:18","date_gmt":"2013-07-19T15:18:18","guid":{"rendered":"http:\/\/lepetitcaboulot.com\/?page_id=450"},"modified":"2024-05-18T17:01:23","modified_gmt":"2024-05-18T16:01:23","slug":"reserver","status":"publish","type":"page","link":"https:\/\/restaurant-lesailes.com\/index.php\/reserver\/","title":{"rendered":"R\u00e9server"},"content":{"rendered":"\n<p>Vous pouvez <strong>effectuer une r\u00e9servation<\/strong> :<\/p>\n\n\n\n<p>soit par t\u00e9l\u00e9phone au <strong>05 56 64 75 57<\/strong> ou directement via internet <\/p>\n\n\n\n<!-- reservation widget -->\n<iframe src='https:\/\/bookings.zenchef.com\/results?rid=360776&#038;fullscreen=1' frameborder='0' scrolling='yes' width='100%' height='630' style='display: block; margin: 0 auto; max-width: 600px; height:630px;'><\/iframe>\n\n\n\n<p>Notre restaurant vous accueille \u00e9galement en groupe, sur r\u00e9servation.<\/p>\n\n\n\n<p>Nous sommes situ\u00e9e au pied des pistes de l&rsquo;a\u00e9rodrome de Bordeaux-Saucats \u00e0 L\u00e9ognan.<\/p>\n\n\n\n<figure class=\"wp-block-image aligncenter\"><a href=\"https:\/\/www.google.fr\/maps\/place\/Restaurant+Les+Ailes\/@44.6969034,-0.6054939,16z\/data=!4m5!3m4!1s0xd54e0002118ccad:0x974bc15e795dfbcf!8m2!3d44.697647!4d-0.6016382\" target=\"_blank\" rel=\"noopener\"><img data-recalc-dims=\"1\" loading=\"lazy\" decoding=\"async\" width=\"300\" height=\"184\" data-attachment-id=\"975\" data-permalink=\"https:\/\/restaurant-lesailes.com\/index.php\/reserver\/restaurant-les-ailes-google-maps1\/\" data-orig-file=\"https:\/\/i0.wp.com\/restaurant-lesailes.com\/wp-content\/uploads\/2016\/08\/Restaurant-Les-Ailes-Google-Maps1-e1472651544857.jpg?fit=749%2C460&amp;ssl=1\" data-orig-size=\"749,460\" data-comments-opened=\"1\" data-image-meta=\"{&quot;aperture&quot;:&quot;0&quot;,&quot;credit&quot;:&quot;&quot;,&quot;camera&quot;:&quot;&quot;,&quot;caption&quot;:&quot;&quot;,&quot;created_timestamp&quot;:&quot;0&quot;,&quot;copyright&quot;:&quot;&quot;,&quot;focal_length&quot;:&quot;0&quot;,&quot;iso&quot;:&quot;0&quot;,&quot;shutter_speed&quot;:&quot;0&quot;,&quot;title&quot;:&quot;&quot;,&quot;orientation&quot;:&quot;0&quot;}\" data-image-title=\"Restaurant Les Ailes &#8211; Google\u00a0Maps1\" data-image-description=\"\" data-image-caption=\"\" data-medium-file=\"https:\/\/i0.wp.com\/restaurant-lesailes.com\/wp-content\/uploads\/2016\/08\/Restaurant-Les-Ailes-Google-Maps1-e1472651544857.jpg?fit=300%2C184&amp;ssl=1\" data-large-file=\"https:\/\/i0.wp.com\/restaurant-lesailes.com\/wp-content\/uploads\/2016\/08\/Restaurant-Les-Ailes-Google-Maps1-e1472651544857.jpg?fit=724%2C1024&amp;ssl=1\" src=\"https:\/\/i0.wp.com\/restaurant-lesailes.com\/wp-content\/uploads\/2016\/08\/Restaurant-Les-Ailes-Google-Maps1-e1472651544857-300x184.jpg?resize=300%2C184\" alt=\"Restaurant Les Ailes \" class=\"wp-image-975\" srcset=\"https:\/\/i0.wp.com\/restaurant-lesailes.com\/wp-content\/uploads\/2016\/08\/Restaurant-Les-Ailes-Google-Maps1-e1472651544857.jpg?resize=300%2C184&amp;ssl=1 300w, https:\/\/i0.wp.com\/restaurant-lesailes.com\/wp-content\/uploads\/2016\/08\/Restaurant-Les-Ailes-Google-Maps1-e1472651544857.jpg?resize=326%2C200&amp;ssl=1 326w, https:\/\/i0.wp.com\/restaurant-lesailes.com\/wp-content\/uploads\/2016\/08\/Restaurant-Les-Ailes-Google-Maps1-e1472651544857.jpg?w=749&amp;ssl=1 749w\" sizes=\"(max-width: 300px) 100vw, 300px\" \/><\/a><\/figure>\n\n\n\n<p class=\"has-text-align-center\">Cliquer sur l&rsquo;image pour agrandir<\/p>\n\n\n\n<h3 class=\"wp-block-heading\">Horaires de Service<\/h3>\n\n\n\n<p>&#8211; D\u00e9jeuner : de 12h \u00e0 14h30 (tous les jours)<br>&#8211; D\u00eener :Vendredi et samedi&nbsp; de 19h30 a 21h30<\/p>\n","protected":false},"excerpt":{"rendered":"<p>Vous pouvez effectuer une r\u00e9servation : soit par t\u00e9l\u00e9phone au 05 56 64 75 57 ou directement via internet Notre restaurant vous accueille \u00e9galement en groupe, sur r\u00e9servation. Nous sommes situ\u00e9e au pied des pistes de l&rsquo;a\u00e9rodrome de Bordeaux-Saucats \u00e0 L\u00e9ognan. Cliquer sur l&rsquo;image pour agrandir Horaires de Service &#8211; D\u00e9jeuner : de 12h \u00e0 &hellip; <\/p>\n<p class=\"link-more\"><a href=\"https:\/\/restaurant-lesailes.com\/index.php\/reserver\/\" class=\"more-link\">Lire la suite de<span class=\"screen-reader-text\">\u00ab\u00a0R\u00e9server\u00a0\u00bb<\/span><\/a><\/p>\n","protected":false},"author":1,"featured_media":0,"parent":0,"menu_order":0,"comment_status":"closed","ping_status":"closed","template":"","meta":{"jetpack_post_was_ever_published":false,"footnotes":""},"class_list":["post-450","page","type-page","status-publish","hentry"],"jetpack_sharing_enabled":true,"jetpack_shortlink":"https:\/\/wp.me\/P7RqaO-7g","jetpack-related-posts":[],"_links":{"self":[{"href":"https:\/\/restaurant-lesailes.com\/index.php\/wp-json\/wp\/v2\/pages\/450"}],"collection":[{"href":"https:\/\/restaurant-lesailes.com\/index.php\/wp-json\/wp\/v2\/pages"}],"about":[{"href":"https:\/\/restaurant-lesailes.com\/index.php\/wp-json\/wp\/v2\/types\/page"}],"author":[{"embeddable":true,"href":"https:\/\/restaurant-lesailes.com\/index.php\/wp-json\/wp\/v2\/users\/1"}],"replies":[{"embeddable":true,"href":"https:\/\/restaurant-lesailes.com\/index.php\/wp-json\/wp\/v2\/comments?post=450"}],"version-history":[{"count":16,"href":"https:\/\/restaurant-lesailes.com\/index.php\/wp-json\/wp\/v2\/pages\/450\/revisions"}],"predecessor-version":[{"id":4615,"href":"https:\/\/restaurant-lesailes.com\/index.php\/wp-json\/wp\/v2\/pages\/450\/revisions\/4615"}],"wp:attachment":[{"href":"https:\/\/restaurant-lesailes.com\/index.php\/wp-json\/wp\/v2\/media?parent=450"}],"curies":[{"name":"wp","href":"https:\/\/api.w.org\/{rel}","templated":true}]}}