{"id":4047,"date":"2023-12-01T23:12:56","date_gmt":"2023-12-01T22:12:56","guid":{"rendered":"http:\/\/restaurant-lesailes.com\/?page_id=4047"},"modified":"2023-12-01T23:15:02","modified_gmt":"2023-12-01T22:15:02","slug":"presentation","status":"publish","type":"page","link":"https:\/\/restaurant-lesailes.com\/","title":{"rendered":"Pr\u00e9sentation"},"content":{"rendered":"\n<p>C\u2019est en 2016 que d\u00e9bute mon Histoire avec le restaurant \u00ab\u00a0Les Ailes\u00a0\u00bb.<\/p>\n\n\n\n<p>Apr\u00e8s le terrible incendie qui a ravag\u00e9 mon restaurant \u00ab\u00a0le Petit Caboulot\u00a0\u00bb \u00e0 Isle Saint Georges fin 2015, il fallait que je rebondisse&#8230;<\/p>\n\n\n\n<p>J&rsquo;ai donc atterri \u00e0 l\u2019a\u00e9rodrome de Bordeaux-Saucats avec quelques uns de mon ancienne \u00e9quipe pour redonner de la valeur \u00e0 cette cantine des aviateurs.<\/p>\n\n\n\n<p>Le petit Caboulot a donc rouvert ses portes en 2019 , mais mon c\u0153ur est partag\u00e9 entre les deux \u00e9tablissements&#8230;.<\/p>\n\n\n\n<p>C\u00e9dric Ordax<\/p>\n","protected":false},"excerpt":{"rendered":"<p>C\u2019est en 2016 que d\u00e9bute mon Histoire avec le restaurant \u00ab\u00a0Les Ailes\u00a0\u00bb. Apr\u00e8s le terrible incendie qui a ravag\u00e9 mon restaurant \u00ab\u00a0le Petit Caboulot\u00a0\u00bb \u00e0 Isle Saint Georges fin 2015, il fallait que je rebondisse&#8230; J&rsquo;ai donc atterri \u00e0 l\u2019a\u00e9rodrome de Bordeaux-Saucats avec quelques uns de mon ancienne \u00e9quipe pour redonner de la valeur \u00e0 &hellip; <\/p>\n<p class=\"link-more\"><a href=\"https:\/\/restaurant-lesailes.com\/\" class=\"more-link\">Lire la suite de<span class=\"screen-reader-text\">\u00ab\u00a0Pr\u00e9sentation\u00a0\u00bb<\/span><\/a><\/p>\n","protected":false},"author":1,"featured_media":0,"parent":0,"menu_order":0,"comment_status":"closed","ping_status":"closed","template":"","meta":{"jetpack_post_was_ever_published":false,"footnotes":""},"class_list":["post-4047","page","type-page","status-publish","hentry"],"jetpack_sharing_enabled":true,"jetpack_shortlink":"https:\/\/wp.me\/P7RqaO-13h","jetpack-related-posts":[],"_links":{"self":[{"href":"https:\/\/restaurant-lesailes.com\/index.php\/wp-json\/wp\/v2\/pages\/4047"}],"collection":[{"href":"https:\/\/restaurant-lesailes.com\/index.php\/wp-json\/wp\/v2\/pages"}],"about":[{"href":"https:\/\/restaurant-lesailes.com\/index.php\/wp-json\/wp\/v2\/types\/page"}],"author":[{"embeddable":true,"href":"https:\/\/restaurant-lesailes.com\/index.php\/wp-json\/wp\/v2\/users\/1"}],"replies":[{"embeddable":true,"href":"https:\/\/restaurant-lesailes.com\/index.php\/wp-json\/wp\/v2\/comments?post=4047"}],"version-history":[{"count":2,"href":"https:\/\/restaurant-lesailes.com\/index.php\/wp-json\/wp\/v2\/pages\/4047\/revisions"}],"predecessor-version":[{"id":4050,"href":"https:\/\/restaurant-lesailes.com\/index.php\/wp-json\/wp\/v2\/pages\/4047\/revisions\/4050"}],"wp:attachment":[{"href":"https:\/\/restaurant-lesailes.com\/index.php\/wp-json\/wp\/v2\/media?parent=4047"}],"curies":[{"name":"wp","href":"https:\/\/api.w.org\/{rel}","templated":true}]}}