{"id":224,"date":"2021-05-14T14:54:00","date_gmt":"2021-05-14T13:54:00","guid":{"rendered":"http:\/\/emmanuelgaye.fr\/lepetitcaboulot\/?page_id=224"},"modified":"2026-04-09T15:04:35","modified_gmt":"2026-04-09T14:04:35","slug":"formule-enfant","status":"publish","type":"page","link":"https:\/\/restaurant-lesailes.com\/index.php\/formule-enfant\/","title":{"rendered":"Formule Enfant"},"content":{"rendered":"<p><!-- [if gte mso 9]&gt;--><\/p>\n<p align=\"CENTER\"><span style=\"color: #7f0000;\"><span style=\"font-family: Comic Sans MS, cursive;\"><span style=\"font-size: large;\"><b>\u00a0(Jusqu&rsquo;\u00e0 12 ans<\/b><\/span><\/span><\/span><span style=\"color: #7f0000;\"><span style=\"font-family: Comic Sans MS, cursive;\"><span style=\"font-size: large;\"><b>)<\/b><\/span><\/span><\/span><\/p>\n<p align=\"CENTER\"><span style=\"color: #000000;\"><span style=\"font-family: Comic Sans MS, cursive;\"><span style=\"font-size: large;\">Crudit\u00e9s, Charcuterie<br \/>\n<\/span><\/span><\/span><\/p>\n<p align=\"CENTER\"><span style=\"color: #000000;\"><span style=\"font-family: Comic Sans MS, cursive;\"><span style=\"font-size: large;\">Soupe Froide du Jour<\/span><\/span><\/span><\/p>\n<p align=\"CENTER\"><span style=\"color: #000000;\"><span style=\"font-family: Comic Sans MS, cursive;\"><span style=\"font-size: large;\">~~~<\/span><\/span><\/span><\/p>\n<p align=\"CENTER\"><span style=\"color: #000000;\"><span style=\"font-family: Comic Sans MS, cursive;\"><span style=\"font-size: large;\">Steak Hach\u00e9 \u2013 Frites et Salade Verte<\/span><\/span><\/span><\/p>\n<p align=\"CENTER\"><span style=\"color: #000000;\"><span style=\"font-family: Comic Sans MS, cursive;\"><span style=\"font-size: large;\">Nuggets de Poulet \u2013 Frites et Salade Verte<\/span><\/span><\/span><\/p>\n<p align=\"CENTER\"><span style=\"color: #000000;\"><span style=\"font-family: Comic Sans MS, cursive;\"><span style=\"font-size: large;\">Fish and Chips &#8211; Frites et Salade Verte<\/span><\/span><\/span><\/p>\n<p align=\"CENTER\"><span style=\"color: #000000;\"><span style=\"font-family: Comic Sans MS, cursive;\"><span style=\"font-size: large;\">~~~<\/span><\/span><\/span><\/p>\n<p align=\"CENTER\"><span style=\"color: #000000;\"><span style=\"font-family: Comic Sans MS, cursive;\"><span style=\"font-size: large;\">Glace 2 Boules<\/span><\/span><\/span><\/p>\n<p align=\"CENTER\"><span style=\"color: #000000;\"><span style=\"font-family: Comic Sans MS, cursive;\"><span style=\"font-size: large;\">Dessert Du Moment<br \/>\n<\/span><\/span><\/span><\/p>\n<p align=\"CENTER\"><span style=\"color: #7f0000;\"><span style=\"font-family: Comic Sans MS, cursive;\"><span style=\"font-size: large;\"><b>\u00a09,50 \u20ac<\/b><\/span><\/span><\/span><\/p>\n","protected":false},"excerpt":{"rendered":"<p>\u00a0(Jusqu&rsquo;\u00e0 12 ans) Crudit\u00e9s, Charcuterie Soupe Froide du Jour ~~~ Steak Hach\u00e9 \u2013 Frites et Salade Verte Nuggets de Poulet \u2013 Frites et Salade Verte Fish and Chips &#8211; Frites et Salade Verte ~~~ Glace 2 Boules Dessert Du Moment \u00a09,50 \u20ac<\/p>\n","protected":false},"author":1,"featured_media":0,"parent":0,"menu_order":0,"comment_status":"closed","ping_status":"closed","template":"","meta":{"jetpack_post_was_ever_published":false,"footnotes":""},"class_list":["post-224","page","type-page","status-publish","hentry"],"jetpack_sharing_enabled":true,"jetpack_shortlink":"https:\/\/wp.me\/P7RqaO-3C","jetpack-related-posts":[],"_links":{"self":[{"href":"https:\/\/restaurant-lesailes.com\/index.php\/wp-json\/wp\/v2\/pages\/224"}],"collection":[{"href":"https:\/\/restaurant-lesailes.com\/index.php\/wp-json\/wp\/v2\/pages"}],"about":[{"href":"https:\/\/restaurant-lesailes.com\/index.php\/wp-json\/wp\/v2\/types\/page"}],"author":[{"embeddable":true,"href":"https:\/\/restaurant-lesailes.com\/index.php\/wp-json\/wp\/v2\/users\/1"}],"replies":[{"embeddable":true,"href":"https:\/\/restaurant-lesailes.com\/index.php\/wp-json\/wp\/v2\/comments?post=224"}],"version-history":[{"count":23,"href":"https:\/\/restaurant-lesailes.com\/index.php\/wp-json\/wp\/v2\/pages\/224\/revisions"}],"predecessor-version":[{"id":6401,"href":"https:\/\/restaurant-lesailes.com\/index.php\/wp-json\/wp\/v2\/pages\/224\/revisions\/6401"}],"wp:attachment":[{"href":"https:\/\/restaurant-lesailes.com\/index.php\/wp-json\/wp\/v2\/media?parent=224"}],"curies":[{"name":"wp","href":"https:\/\/api.w.org\/{rel}","templated":true}]}}