{"id":209,"date":"2021-05-14T14:49:00","date_gmt":"2021-05-14T13:49:00","guid":{"rendered":"http:\/\/emmanuelgaye.fr\/lepetitcaboulot\/?page_id=209"},"modified":"2026-04-09T15:04:03","modified_gmt":"2026-04-09T14:04:03","slug":"formule-aviateur","status":"publish","type":"page","link":"https:\/\/restaurant-lesailes.com\/index.php\/formule-aviateur\/","title":{"rendered":"Formule Aviateur"},"content":{"rendered":"<p><!-- [if gte mso 9]&gt;--><\/p>\n<p style=\"text-align: center;\"><span style=\"font-family: Comic Sans MS, cursive;\"><span style=\"font-size: large;\"><i>Le Cannel\u00e9 s&rsquo;invite aux Entr\u00e9es<br \/>\n<\/i><\/span><\/span><\/p>\n<p align=\"CENTER\"><span style=\"color: #000000;\"><span style=\"font-family: Comic Sans MS, cursive;\"><span style=\"font-size: large;\">\u0152uf Mollet aux Asperges<\/span><\/span><\/span><\/p>\n<p align=\"CENTER\"><span style=\"font-family: Comic Sans MS, cursive;\"><span style=\"font-size: large;\"><i>Terrine\u00a0 du Chef, Foie Gras Truff\u00e9<\/i><\/span><\/span><\/p>\n<p align=\"CENTER\"><span style=\"color: #000000;\"><span style=\"font-family: Comic Sans MS, cursive;\"><span style=\"font-size: large;\">Mi-Cuit de Foie Gras de Canard <\/span><\/span><\/span><span style=\"color: #000000;\"><span style=\"font-family: Comic Sans MS, cursive;\"><span style=\"font-size: medium;\"><i>, et son Chutney<br \/>\n<\/i><\/span><\/span><\/span><\/p>\n<p align=\"CENTER\"><i> <\/i><span style=\"font-family: Comic Sans MS, cursive;\"><span style=\"font-size: medium;\"><i><b>(Suppl. + 6,50\u20ac)<\/b><\/i><\/span><\/span><\/p>\n<p align=\"CENTER\"><span style=\"font-family: Comic Sans MS, cursive;\"><span style=\"font-size: large;\">***<\/span><\/span><\/p>\n<p align=\"CENTER\"><span style=\"font-family: Comic Sans MS, cursive;\"><span style=\"font-size: large;\">Tartare de B\u0153uf Pr\u00e9par\u00e9 par le Chef au couteau<\/span><\/span><\/p>\n<p align=\"CENTER\"><span style=\"font-family: Comic Sans MS, cursive;\"><span style=\"font-size: large;\">Cuisse de Canette Confite, Ragout de Lentilles<\/span><\/span><\/p>\n<p align=\"CENTER\"><span style=\"font-family: Comic Sans MS, cursive;\"><span style=\"font-size: large;\">Risotto de Bl\u00e9 aux P\u00efquillos et son \u0152uf Parfait<\/span><\/span><\/p>\n<p align=\"CENTER\"><span style=\"font-family: Comic Sans MS, cursive;\"><span style=\"font-size: large;\">Poisson Frais du Jour<\/span><\/span><\/p>\n<p align=\"CENTER\"><span style=\"font-family: Comic Sans MS, cursive;\"><span style=\"font-size: large;\">***<\/span><\/span><\/p>\n<p align=\"CENTER\"><span style=\"color: #000000;\"><span style=\"font-family: Comic Sans MS, cursive;\"><span style=\"font-size: large;\">Trilogie de Fromages<\/span><\/span><\/span><\/p>\n<p align=\"CENTER\"><span style=\"font-family: Comic Sans MS, cursive; font-size: large;\">C\u0153ur Coulant Pralin\u00e9<\/span><\/p>\n<p align=\"CENTER\"><span style=\"font-family: Comic Sans MS, cursive; font-size: large;\">Croustade aux Pommes et Calvados<\/span><\/p>\n<p align=\"CENTER\"><span style=\"color: #000000;\"><span style=\"font-family: Comic Sans MS, cursive;\"><span style=\"font-size: large;\">Glaces Deux Boules<\/span><\/span><\/span><\/p>\n<p align=\"CENTER\"><span style=\"color: #000000;\"><span style=\"font-family: Comic Sans MS, cursive;\"><span style=\"font-size: large;\">Dessert \u00e0 la carte <\/span><\/span><\/span><span style=\"color: #000000;\"><span style=\"font-family: Comic Sans MS, cursive;\"><span style=\"font-size: medium;\"><i><b>(Suppl +3.90 \u20ac<\/b><\/i><\/span><\/span><\/span><span style=\"font-size: medium;\"><i><b>)<\/b><\/i><\/span><i> <\/i><\/p>\n<p align=\"CENTER\"><span style=\"font-family: Comic Sans MS, cursive;\"><span style=\"font-size: large;\"><i>Entr\u00e9e + Plat + Dessert = 31.00 \u20ac<\/i><\/span><\/span><\/p>\n<p align=\"CENTER\"><span style=\"font-family: Comic Sans MS, cursive;\"><span style=\"font-size: large;\"><i>Entr\u00e9e + Plat = 26.00 \u20ac<\/i><\/span><\/span><\/p>\n<p align=\"CENTER\"><span style=\"font-family: Comic Sans MS, cursive;\"><span style=\"font-size: large;\"><i>Plat + Dessert = 26.00 \u20ac<\/i><\/span><\/span><\/p>\n<p class=\"contenu-du-cadre\" align=\"CENTER\"><span style=\"color: #993366;\"> <span style=\"font-family: Comic Sans MS, sans-serif;\"><span style=\"font-size: 300%;\"><br \/>\n<\/span><\/span><\/span><\/p>\n","protected":false},"excerpt":{"rendered":"<p>Le Cannel\u00e9 s&rsquo;invite aux Entr\u00e9es \u0152uf Mollet aux Asperges Terrine\u00a0 du Chef, Foie Gras Truff\u00e9 Mi-Cuit de Foie Gras de Canard , et son Chutney (Suppl. + 6,50\u20ac) *** Tartare de B\u0153uf Pr\u00e9par\u00e9 par le Chef au couteau Cuisse de Canette Confite, Ragout de Lentilles Risotto de Bl\u00e9 aux P\u00efquillos et son \u0152uf Parfait Poisson &hellip; <\/p>\n<p class=\"link-more\"><a href=\"https:\/\/restaurant-lesailes.com\/index.php\/formule-aviateur\/\" class=\"more-link\">Lire la suite de<span class=\"screen-reader-text\">\u00ab\u00a0Formule Aviateur\u00a0\u00bb<\/span><\/a><\/p>\n","protected":false},"author":1,"featured_media":0,"parent":0,"menu_order":0,"comment_status":"closed","ping_status":"closed","template":"","meta":{"jetpack_post_was_ever_published":false,"footnotes":""},"class_list":["post-209","page","type-page","status-publish","hentry"],"jetpack_sharing_enabled":true,"jetpack_shortlink":"https:\/\/wp.me\/P7RqaO-3n","jetpack-related-posts":[],"_links":{"self":[{"href":"https:\/\/restaurant-lesailes.com\/index.php\/wp-json\/wp\/v2\/pages\/209"}],"collection":[{"href":"https:\/\/restaurant-lesailes.com\/index.php\/wp-json\/wp\/v2\/pages"}],"about":[{"href":"https:\/\/restaurant-lesailes.com\/index.php\/wp-json\/wp\/v2\/types\/page"}],"author":[{"embeddable":true,"href":"https:\/\/restaurant-lesailes.com\/index.php\/wp-json\/wp\/v2\/users\/1"}],"replies":[{"embeddable":true,"href":"https:\/\/restaurant-lesailes.com\/index.php\/wp-json\/wp\/v2\/comments?post=209"}],"version-history":[{"count":45,"href":"https:\/\/restaurant-lesailes.com\/index.php\/wp-json\/wp\/v2\/pages\/209\/revisions"}],"predecessor-version":[{"id":6400,"href":"https:\/\/restaurant-lesailes.com\/index.php\/wp-json\/wp\/v2\/pages\/209\/revisions\/6400"}],"wp:attachment":[{"href":"https:\/\/restaurant-lesailes.com\/index.php\/wp-json\/wp\/v2\/media?parent=209"}],"curies":[{"name":"wp","href":"https:\/\/api.w.org\/{rel}","templated":true}]}}