{"id":1022,"date":"2016-09-03T10:17:35","date_gmt":"2016-09-03T09:17:35","guid":{"rendered":"http:\/\/restaurant-lesailes.com\/?page_id=1022"},"modified":"2017-03-31T22:14:12","modified_gmt":"2017-03-31T21:14:12","slug":"contact","status":"publish","type":"page","link":"https:\/\/restaurant-lesailes.com\/index.php\/contact\/","title":{"rendered":"Contact"},"content":{"rendered":"<h3>Restaurant les Ailes<\/h3>\n<p><em style=\"font-size: 13px; line-height: 19px;\">Adresse :<\/em><\/p>\n<p>303 Av. Mont de Marsan<\/p>\n<p>A\u00e9rodrome de Bordeaux-Saucats<\/p>\n<p><em>33850 LEOGNAN<br \/>\n<\/em><\/p>\n<p>t\u00e9l :\u00a005 56 64 75 57<\/p>\n<p><a href=\"https:\/\/www.google.fr\/maps\/place\/Restaurant+Les+Ailes\/@44.6969034,-0.6054939,16z\/data=!4m5!3m4!1s0xd54e0002118ccad:0x974bc15e795dfbcf!8m2!3d44.697647!4d-0.6016382\" target=\"_blank\"><img data-recalc-dims=\"1\" loading=\"lazy\" decoding=\"async\" data-attachment-id=\"975\" data-permalink=\"https:\/\/restaurant-lesailes.com\/index.php\/reserver\/restaurant-les-ailes-google-maps1\/\" data-orig-file=\"https:\/\/i0.wp.com\/restaurant-lesailes.com\/wp-content\/uploads\/2016\/08\/Restaurant-Les-Ailes-Google-Maps1-e1472651544857.jpg?fit=749%2C460&amp;ssl=1\" data-orig-size=\"749,460\" data-comments-opened=\"1\" data-image-meta=\"{&quot;aperture&quot;:&quot;0&quot;,&quot;credit&quot;:&quot;&quot;,&quot;camera&quot;:&quot;&quot;,&quot;caption&quot;:&quot;&quot;,&quot;created_timestamp&quot;:&quot;0&quot;,&quot;copyright&quot;:&quot;&quot;,&quot;focal_length&quot;:&quot;0&quot;,&quot;iso&quot;:&quot;0&quot;,&quot;shutter_speed&quot;:&quot;0&quot;,&quot;title&quot;:&quot;&quot;,&quot;orientation&quot;:&quot;0&quot;}\" data-image-title=\"Restaurant Les Ailes &#8211; Google\u00a0Maps1\" data-image-description=\"\" data-image-caption=\"\" data-medium-file=\"https:\/\/i0.wp.com\/restaurant-lesailes.com\/wp-content\/uploads\/2016\/08\/Restaurant-Les-Ailes-Google-Maps1-e1472651544857.jpg?fit=300%2C184&amp;ssl=1\" data-large-file=\"https:\/\/i0.wp.com\/restaurant-lesailes.com\/wp-content\/uploads\/2016\/08\/Restaurant-Les-Ailes-Google-Maps1-e1472651544857.jpg?fit=724%2C1024&amp;ssl=1\" class=\"alignnone size-medium wp-image-975\" src=\"https:\/\/i0.wp.com\/restaurant-lesailes.com\/wp-content\/uploads\/2016\/08\/Restaurant-Les-Ailes-Google-Maps1-e1472651544857-300x184.jpg?resize=300%2C184\" alt=\"Restaurant Les Ailes - Google\u00a0Maps1\" width=\"300\" height=\"184\" srcset=\"https:\/\/i0.wp.com\/restaurant-lesailes.com\/wp-content\/uploads\/2016\/08\/Restaurant-Les-Ailes-Google-Maps1-e1472651544857.jpg?resize=300%2C184&amp;ssl=1 300w, https:\/\/i0.wp.com\/restaurant-lesailes.com\/wp-content\/uploads\/2016\/08\/Restaurant-Les-Ailes-Google-Maps1-e1472651544857.jpg?resize=326%2C200&amp;ssl=1 326w, https:\/\/i0.wp.com\/restaurant-lesailes.com\/wp-content\/uploads\/2016\/08\/Restaurant-Les-Ailes-Google-Maps1-e1472651544857.jpg?w=749&amp;ssl=1 749w\" sizes=\"(max-width: 300px) 100vw, 300px\" \/><\/a><\/p>\n<p>Cliquer sur l&rsquo;image pour Agrandir<\/p>\n<div><\/div>\n<p>Courriel : <a href=\"mailto:contact@restaurant-lesailes.com\">contact@restaurant-lesailes.com <\/a><\/p>\n<p><strong>Merci de ne pas effectuer de r\u00e9servation par Mail, mais uniquement par T\u00e9l\u00e9phone<\/strong><\/p>\n<p>&nbsp;<\/p>\n<h3>Horaires de Service<\/h3>\n<p>&#8211; D\u00e9jeuner : de 12h \u00e0 14h30 (tous les jours)<br \/>\n&#8211; D\u00eener :Vendredi et samedi\u00a0 de 19h30 a 21h30<\/p>\n<p>Demande de Renseignements : <em>(pas de r\u00e9servation SVP)<\/em><\/p>\n<div data-test='contact-form' id='contact-form-1022' class='wp-block-jetpack-contact-form-container '>\n<form action='https:\/\/restaurant-lesailes.com\/index.php\/contact\/#contact-form-1022' method='post' class='contact-form commentsblock' aria-label=\"Contact\" novalidate>\n\n<div style=\"\" class='grunion-field-name-wrap grunion-field-wrap'  >\n<label\n\t\t\t\tfor='g1022-nom'\n\t\t\t\tclass='grunion-field-label name'>Nom<span class=\"grunion-label-required\" aria-hidden=\"true\">(obligatoire)<\/span><\/label>\n<input\n\t\t\t\t\ttype='text'\n\t\t\t\t\tname='g1022-nom'\n\t\t\t\t\tid='g1022-nom'\n\t\t\t\t\tvalue=''\n\t\t\t\t\tclass='name  grunion-field' \n\t\t\t\t\trequired aria-required='true' \/>\n\t<\/div>\n\n<div style=\"\" class='grunion-field-email-wrap grunion-field-wrap'  >\n<label\n\t\t\t\tfor='g1022-email'\n\t\t\t\tclass='grunion-field-label email'>E-mail<span class=\"grunion-label-required\" aria-hidden=\"true\">(obligatoire)<\/span><\/label>\n<input\n\t\t\t\t\ttype='email'\n\t\t\t\t\tname='g1022-email'\n\t\t\t\t\tid='g1022-email'\n\t\t\t\t\tvalue=''\n\t\t\t\t\tclass='email  grunion-field' \n\t\t\t\t\trequired aria-required='true' \/>\n\t<\/div>\n\n<div style=\"\" class='grunion-field-text-wrap grunion-field-wrap'  >\n<label\n\t\t\t\tfor='g1022-sujet'\n\t\t\t\tclass='grunion-field-label text'>Sujet<span class=\"grunion-label-required\" aria-hidden=\"true\">(obligatoire)<\/span><\/label>\n<input\n\t\t\t\t\ttype='text'\n\t\t\t\t\tname='g1022-sujet'\n\t\t\t\t\tid='g1022-sujet'\n\t\t\t\t\tvalue=''\n\t\t\t\t\tclass='text  grunion-field' \n\t\t\t\t\trequired aria-required='true' \/>\n\t<\/div>\n\n<div style=\"\" class='grunion-field-textarea-wrap grunion-field-wrap'  >\n<label\n\t\t\t\tfor='contact-form-comment-g1022-commentaire'\n\t\t\t\tclass='grunion-field-label textarea'>Commentaire<span class=\"grunion-label-required\" aria-hidden=\"true\">(obligatoire)<\/span><\/label>\n<textarea\n\t\t                style=''\n\t\t                name='g1022-commentaire'\n\t\t                id='contact-form-comment-g1022-commentaire'\n\t\t                rows='20' class='textarea  grunion-field'  required aria-required='true'><\/textarea>\n\t<\/div>\n\t<p class='contact-submit'>\n\t\t<button type='submit' class='pushbutton-wide'>Envoyer<\/button>\t\t<input type='hidden' name='contact-form-id' value='1022' \/>\n\t\t<input type='hidden' name='action' value='grunion-contact-form' \/>\n\t\t<input type='hidden' name='contact-form-hash' value='569f47e1c7ff37eb6c74058268bfd80bb5bc53c0' \/>\n\t<\/p>\n<\/form>\n<\/div>\n","protected":false},"excerpt":{"rendered":"<p>Restaurant les Ailes Adresse : 303 Av. Mont de Marsan A\u00e9rodrome de Bordeaux-Saucats 33850 LEOGNAN t\u00e9l :\u00a005 56 64 75 57 Cliquer sur l&rsquo;image pour Agrandir Courriel : contact@restaurant-lesailes.com Merci de ne pas effectuer de r\u00e9servation par Mail, mais uniquement par T\u00e9l\u00e9phone &nbsp; Horaires de Service &#8211; D\u00e9jeuner : de 12h \u00e0 14h30 (tous les &hellip; <\/p>\n<p class=\"link-more\"><a href=\"https:\/\/restaurant-lesailes.com\/index.php\/contact\/\" class=\"more-link\">Lire la suite de<span class=\"screen-reader-text\">\u00ab\u00a0Contact\u00a0\u00bb<\/span><\/a><\/p>\n","protected":false},"author":1,"featured_media":0,"parent":0,"menu_order":0,"comment_status":"closed","ping_status":"closed","template":"","meta":{"jetpack_post_was_ever_published":false,"footnotes":""},"class_list":["post-1022","page","type-page","status-publish","hentry"],"jetpack_sharing_enabled":true,"jetpack_shortlink":"https:\/\/wp.me\/P7RqaO-gu","jetpack-related-posts":[],"_links":{"self":[{"href":"https:\/\/restaurant-lesailes.com\/index.php\/wp-json\/wp\/v2\/pages\/1022"}],"collection":[{"href":"https:\/\/restaurant-lesailes.com\/index.php\/wp-json\/wp\/v2\/pages"}],"about":[{"href":"https:\/\/restaurant-lesailes.com\/index.php\/wp-json\/wp\/v2\/types\/page"}],"author":[{"embeddable":true,"href":"https:\/\/restaurant-lesailes.com\/index.php\/wp-json\/wp\/v2\/users\/1"}],"replies":[{"embeddable":true,"href":"https:\/\/restaurant-lesailes.com\/index.php\/wp-json\/wp\/v2\/comments?post=1022"}],"version-history":[{"count":6,"href":"https:\/\/restaurant-lesailes.com\/index.php\/wp-json\/wp\/v2\/pages\/1022\/revisions"}],"predecessor-version":[{"id":1696,"href":"https:\/\/restaurant-lesailes.com\/index.php\/wp-json\/wp\/v2\/pages\/1022\/revisions\/1696"}],"wp:attachment":[{"href":"https:\/\/restaurant-lesailes.com\/index.php\/wp-json\/wp\/v2\/media?parent=1022"}],"curies":[{"name":"wp","href":"https:\/\/api.w.org\/{rel}","templated":true}]}}